{"id":1091,"date":"2019-04-30T08:02:54","date_gmt":"2019-04-30T08:02:54","guid":{"rendered":"http:\/\/patrimoinesdemartigny.com\/wordpress\/?page_id=1091"},"modified":"2024-07-14T21:24:54","modified_gmt":"2024-07-14T19:24:54","slug":"ag","status":"publish","type":"page","link":"https:\/\/patrimoinesdemartigny.ch\/wordpress\/association\/ag\/","title":{"rendered":"Assembl\u00e9e g\u00e9n\u00e9rale"},"content":{"rendered":"\n<p><strong>Assembl\u00e9e g\u00e9n\u00e9rale, Proc\u00e8s-verbal de la s\u00e9ance du jeudi 25 avril 2024<\/strong><br><a href=\"https:\/\/patrimoinesdemartigny.ch\/wordpress\/wp-content\/uploads\/2024\/07\/240425-AG-41-PV-2.pdf\">Lire<\/a><\/p>\n\n\n\n<p><strong>Assembl\u00e9e g\u00e9n\u00e9rale, Proc\u00e8s-verbal de la s\u00e9ance du jeudi 11 mai 2023<\/strong><br><a href=\"https:\/\/patrimoinesdemartigny.ch\/wordpress\/wp-content\/uploads\/2023\/07\/PV-AG-2023.pdf\" target=\"_blank\" rel=\"noreferrer noopener\">Lire<\/a><\/p>\n\n\n\n<p><strong>Assembl\u00e9e g\u00e9n\u00e9rale, Proc\u00e8s-verbal de la s\u00e9ance du jeudi 14 avril<br><\/strong><a href=\"https:\/\/patrimoinesdemartigny.ch\/wordpress\/wp-content\/uploads\/2022\/05\/PV-AG-2022.pdf\" target=\"_blank\" rel=\"noreferrer noopener\">Lire<\/a><\/p>\n\n\n\n<p><strong>Assembl\u00e9e g\u00e9n\u00e9rale, Proc\u00e8s-verbal de la s\u00e9ance du mercredi 17 novembre 2021<br><\/strong><a href=\"https:\/\/patrimoinesdemartigny.ch\/wordpress\/wp-content\/uploads\/2022\/05\/PV-AG-2021.pdf\" target=\"_blank\" rel=\"noreferrer noopener\">Lire<\/a><\/p>\n\n\n\n<p><strong>Assembl\u00e9e g\u00e9n\u00e9rale, Proc\u00e8s-verbal de la s\u00e9ance du mercredi 20 mars 2019<br><\/strong><a href=\"http:\/\/patrimoinesdemartigny.ch\/wordpress\/wp-content\/uploads\/2019\/04\/PV-AG-2019.pdf\" target=\"_blank\" rel=\"noreferrer noopener\">Lire<\/a><\/p>\n\n\n\n<p><strong>Assembl\u00e9e g\u00e9n\u00e9rale, Proc\u00e8s-verbal de la s\u00e9ance du jeudi 3 mai 2018<br><\/strong><a href=\"http:\/\/patrimoinesdemartigny.ch\/wordpress\/wp-content\/uploads\/2019\/06\/PV_AG_2018_36.pdf\" target=\"_blank\" rel=\"noreferrer noopener\">Lire<\/a><\/p>\n\n\n\n<p><strong>Assembl\u00e9e g\u00e9n\u00e9rale, Proc\u00e8s-verbal de la s\u00e9ance du lundi 3 mai 2017<br><\/strong><a href=\"http:\/\/patrimoinesdemartigny.ch\/wordpress\/wp-content\/uploads\/2018\/05\/PAT-MAR_PV-35e-AG_2017.pdf\" target=\"_blank\" rel=\"noreferrer noopener\">Lire<\/a><\/p>\n\n\n\n<p><\/p>\n\n\n\n<p><br><\/p>\n","protected":false},"excerpt":{"rendered":"<p>Assembl\u00e9e g\u00e9n\u00e9rale, Proc\u00e8s-verbal de la s\u00e9ance du jeudi 25 avril 2024Lire Assembl\u00e9e g\u00e9n\u00e9rale, Proc\u00e8s-verbal de la s\u00e9ance du jeudi 11 mai 2023Lire Assembl\u00e9e g\u00e9n\u00e9rale, Proc\u00e8s-verbal de la s\u00e9ance du jeudi 14 avrilLire Assembl\u00e9e g\u00e9n\u00e9rale, Proc\u00e8s-verbal de la s\u00e9ance du mercredi 17 novembre 2021Lire Assembl\u00e9e g\u00e9n\u00e9rale, Proc\u00e8s-verbal de la s\u00e9ance du mercredi 20 mars 2019Lire Assembl\u00e9e&#8230;<\/p>\n","protected":false},"author":5,"featured_media":0,"parent":355,"menu_order":0,"comment_status":"closed","ping_status":"closed","template":"","meta":{"_seopress_robots_primary_cat":"","_seopress_titles_title":"","_seopress_titles_desc":"","_seopress_robots_index":"","_seopress_analysis_target_kw":"","footnotes":""},"class_list":["post-1091","page","type-page","status-publish","hentry"],"jetpack_sharing_enabled":true,"_links":{"self":[{"href":"https:\/\/patrimoinesdemartigny.ch\/wordpress\/wp-json\/wp\/v2\/pages\/1091","targetHints":{"allow":["GET"]}}],"collection":[{"href":"https:\/\/patrimoinesdemartigny.ch\/wordpress\/wp-json\/wp\/v2\/pages"}],"about":[{"href":"https:\/\/patrimoinesdemartigny.ch\/wordpress\/wp-json\/wp\/v2\/types\/page"}],"author":[{"embeddable":true,"href":"https:\/\/patrimoinesdemartigny.ch\/wordpress\/wp-json\/wp\/v2\/users\/5"}],"replies":[{"embeddable":true,"href":"https:\/\/patrimoinesdemartigny.ch\/wordpress\/wp-json\/wp\/v2\/comments?post=1091"}],"version-history":[{"count":17,"href":"https:\/\/patrimoinesdemartigny.ch\/wordpress\/wp-json\/wp\/v2\/pages\/1091\/revisions"}],"predecessor-version":[{"id":1453,"href":"https:\/\/patrimoinesdemartigny.ch\/wordpress\/wp-json\/wp\/v2\/pages\/1091\/revisions\/1453"}],"up":[{"embeddable":true,"href":"https:\/\/patrimoinesdemartigny.ch\/wordpress\/wp-json\/wp\/v2\/pages\/355"}],"wp:attachment":[{"href":"https:\/\/patrimoinesdemartigny.ch\/wordpress\/wp-json\/wp\/v2\/media?parent=1091"}],"curies":[{"name":"wp","href":"https:\/\/api.w.org\/{rel}","templated":true}]}}