{"id":1456,"date":"2025-03-11T17:24:02","date_gmt":"2025-03-11T16:24:02","guid":{"rendered":"https:\/\/patrimoinesdemartigny.ch\/wordpress\/?page_id=1456"},"modified":"2025-04-03T14:24:28","modified_gmt":"2025-04-03T12:24:28","slug":"personnages-historiques","status":"publish","type":"page","link":"https:\/\/patrimoinesdemartigny.ch\/wordpress\/personnages-historiques\/","title":{"rendered":"Personnages historiques"},"content":{"rendered":"\n<figure class=\"wp-block-image size-large\"><a href=\"https:\/\/patrimoinesdemartigny.ch\/wordpress\/wp-content\/uploads\/2025\/04\/1.png\" data-rel=\"lightbox-image-0\" data-rl_title=\"\" data-rl_caption=\"\" title=\"\"><img alt=\"\" loading=\"lazy\" decoding=\"async\" width=\"1024\" height=\"724\" src=\"https:\/\/patrimoinesdemartigny.ch\/wordpress\/wp-content\/uploads\/2025\/04\/1-1024x724.png\" alt=\"\" class=\"wp-image-1460\" srcset=\"https:\/\/patrimoinesdemartigny.ch\/wordpress\/wp-content\/uploads\/2025\/04\/1-1024x724.png 1024w, https:\/\/patrimoinesdemartigny.ch\/wordpress\/wp-content\/uploads\/2025\/04\/1-300x212.png 300w, https:\/\/patrimoinesdemartigny.ch\/wordpress\/wp-content\/uploads\/2025\/04\/1-768x543.png 768w, https:\/\/patrimoinesdemartigny.ch\/wordpress\/wp-content\/uploads\/2025\/04\/1-1536x1086.png 1536w, https:\/\/patrimoinesdemartigny.ch\/wordpress\/wp-content\/uploads\/2025\/04\/1-850x601.png 850w, https:\/\/patrimoinesdemartigny.ch\/wordpress\/wp-content\/uploads\/2025\/04\/1.png 2000w\" sizes=\"auto, (max-width: 1024px) 100vw, 1024px\" \/><\/a><\/figure>\n\n\n\n<p><em>Page de couverture<\/em><\/p>\n\n\n\n<p>Patrimoines de Martigny et les Jeunes Arch\u00e9ologues de Martigny ont con\u00e7u une brochure destin\u00e9e aux enfants des \u00e9coles de Martigny. Nous y pr\u00e9sentons 4 personnages ayant v\u00e9cu, pass\u00e9 par, ou exerc\u00e9 une activit\u00e9 \u00e0 Martigny : Cintusmonis le V\u00e9ragres, Servius Sulpicius Galba le g\u00e9n\u00e9ral romain, Florus le potier et Quinctia Maxima la femme illustre.<\/p>\n\n\n\n<figure class=\"wp-block-image size-large\"><img alt=\"\" loading=\"lazy\" decoding=\"async\" width=\"2000\" height=\"1414\" src=\"https:\/\/patrimoinesdemartigny.ch\/wordpress\/wp-content\/uploads\/2025\/04\/33.png\" alt=\"\" class=\"wp-image-1463\" srcset=\"https:\/\/patrimoinesdemartigny.ch\/wordpress\/wp-content\/uploads\/2025\/04\/33.png 2000w, https:\/\/patrimoinesdemartigny.ch\/wordpress\/wp-content\/uploads\/2025\/04\/33-300x212.png 300w, https:\/\/patrimoinesdemartigny.ch\/wordpress\/wp-content\/uploads\/2025\/04\/33-1024x724.png 1024w, https:\/\/patrimoinesdemartigny.ch\/wordpress\/wp-content\/uploads\/2025\/04\/33-768x543.png 768w, https:\/\/patrimoinesdemartigny.ch\/wordpress\/wp-content\/uploads\/2025\/04\/33-1536x1086.png 1536w, https:\/\/patrimoinesdemartigny.ch\/wordpress\/wp-content\/uploads\/2025\/04\/33-850x601.png 850w\" sizes=\"auto, (max-width: 2000px) 100vw, 2000px\" \/><\/figure>\n\n\n\n<p><em>Extrait du chapitre consacr\u00e9 \u00e0 Florus<\/em><\/p>\n\n\n\n<p>En partant de traces \u00e9crites prouvant l&rsquo;existence de nos protagonistes, nous d\u00e9veloppons leur vie mais, \u00e9galement un th\u00e8me plus g\u00e9n\u00e9ral pour chacun.e d&rsquo;entre eux. C&rsquo;est ainsi que nous vous pr\u00e9sentons les V\u00e9ragres pour Cintusmonis, la bataille d&rsquo;Octodure pour Galba, la c\u00e9ramique et son utilisation pour Florus et le statut des femmes \u00e0 l&rsquo;\u00e9poque romaine pour Quinctia Maxima.<\/p>\n\n\n\n<figure class=\"wp-block-image size-large\"><a href=\"https:\/\/patrimoinesdemartigny.ch\/wordpress\/wp-content\/uploads\/2025\/04\/6.png\" data-rel=\"lightbox-image-1\" data-rl_title=\"\" data-rl_caption=\"\" title=\"\"><img alt=\"\" loading=\"lazy\" decoding=\"async\" width=\"1024\" height=\"724\" src=\"https:\/\/patrimoinesdemartigny.ch\/wordpress\/wp-content\/uploads\/2025\/04\/6-1024x724.png\" alt=\"\" class=\"wp-image-1462\" srcset=\"https:\/\/patrimoinesdemartigny.ch\/wordpress\/wp-content\/uploads\/2025\/04\/6-1024x724.png 1024w, https:\/\/patrimoinesdemartigny.ch\/wordpress\/wp-content\/uploads\/2025\/04\/6-300x212.png 300w, https:\/\/patrimoinesdemartigny.ch\/wordpress\/wp-content\/uploads\/2025\/04\/6-768x543.png 768w, https:\/\/patrimoinesdemartigny.ch\/wordpress\/wp-content\/uploads\/2025\/04\/6-1536x1086.png 1536w, https:\/\/patrimoinesdemartigny.ch\/wordpress\/wp-content\/uploads\/2025\/04\/6-850x601.png 850w, https:\/\/patrimoinesdemartigny.ch\/wordpress\/wp-content\/uploads\/2025\/04\/6.png 2000w\" sizes=\"auto, (max-width: 1024px) 100vw, 1024px\" \/><\/a><\/figure>\n\n\n\n<p><em>Extrait du chapitre consacr\u00e9 \u00e0 Cintusmonis<\/em><\/p>\n\n\n\n<p>De plus, nous situons \u00e0 chaque fois que cela est possible le lieu o\u00f9 la source \u00e9crite \u00e0 \u00e9t\u00e9 retrouv\u00e9e pour que les lecteurs et lectrices remarquent la proximit\u00e9 avec leur quotidien.<\/p>\n\n\n\n<figure class=\"wp-block-gallery has-nested-images columns-default is-cropped wp-block-gallery-1 is-layout-flex wp-block-gallery-is-layout-flex\">\n<figure class=\"wp-block-image size-large\"><img alt=\"\" loading=\"lazy\" decoding=\"async\" width=\"2000\" height=\"1414\" data-id=\"1464\" src=\"https:\/\/patrimoinesdemartigny.ch\/wordpress\/wp-content\/uploads\/2025\/04\/42.png\" alt=\"\" class=\"wp-image-1464\" srcset=\"https:\/\/patrimoinesdemartigny.ch\/wordpress\/wp-content\/uploads\/2025\/04\/42.png 2000w, https:\/\/patrimoinesdemartigny.ch\/wordpress\/wp-content\/uploads\/2025\/04\/42-300x212.png 300w, https:\/\/patrimoinesdemartigny.ch\/wordpress\/wp-content\/uploads\/2025\/04\/42-1024x724.png 1024w, https:\/\/patrimoinesdemartigny.ch\/wordpress\/wp-content\/uploads\/2025\/04\/42-768x543.png 768w, https:\/\/patrimoinesdemartigny.ch\/wordpress\/wp-content\/uploads\/2025\/04\/42-1536x1086.png 1536w, https:\/\/patrimoinesdemartigny.ch\/wordpress\/wp-content\/uploads\/2025\/04\/42-850x601.png 850w\" sizes=\"auto, (max-width: 2000px) 100vw, 2000px\" \/><\/figure>\n<\/figure>\n\n\n\n<p><em>Extrait du chapitre consacr\u00e9 \u00e0 Quinctia Maxima<\/em><\/p>\n\n\n\n<p>Cette brochure a \u00e9t\u00e9 imprim\u00e9e et distribu\u00e9e \u00e0 toutes les classes de 6H de Martigny, Vernayaz et Charrat. Notre but? Poser la loupe sur la riche histoire de Martigny et la rendre accessible aux plus jeunes.<\/p>\n\n\n\n<p>Pour en savoir plus, contactez-nous!<\/p>\n\n\n\n<p><\/p>\n","protected":false},"excerpt":{"rendered":"<p>Page de couverture Patrimoines de Martigny et les Jeunes Arch\u00e9ologues de Martigny ont con\u00e7u une brochure destin\u00e9e aux enfants des \u00e9coles de Martigny. Nous y pr\u00e9sentons 4 personnages ayant v\u00e9cu, pass\u00e9 par, ou exerc\u00e9 une activit\u00e9 \u00e0 Martigny : Cintusmonis le V\u00e9ragres, Servius Sulpicius Galba le g\u00e9n\u00e9ral romain, Florus le potier et Quinctia Maxima la&#8230;<\/p>\n","protected":false},"author":5,"featured_media":0,"parent":0,"menu_order":0,"comment_status":"closed","ping_status":"closed","template":"","meta":{"_seopress_robots_primary_cat":"","_seopress_titles_title":"","_seopress_titles_desc":"","_seopress_robots_index":"","_seopress_analysis_target_kw":"","footnotes":""},"class_list":["post-1456","page","type-page","status-publish","hentry"],"jetpack_sharing_enabled":true,"_links":{"self":[{"href":"https:\/\/patrimoinesdemartigny.ch\/wordpress\/wp-json\/wp\/v2\/pages\/1456","targetHints":{"allow":["GET"]}}],"collection":[{"href":"https:\/\/patrimoinesdemartigny.ch\/wordpress\/wp-json\/wp\/v2\/pages"}],"about":[{"href":"https:\/\/patrimoinesdemartigny.ch\/wordpress\/wp-json\/wp\/v2\/types\/page"}],"author":[{"embeddable":true,"href":"https:\/\/patrimoinesdemartigny.ch\/wordpress\/wp-json\/wp\/v2\/users\/5"}],"replies":[{"embeddable":true,"href":"https:\/\/patrimoinesdemartigny.ch\/wordpress\/wp-json\/wp\/v2\/comments?post=1456"}],"version-history":[{"count":3,"href":"https:\/\/patrimoinesdemartigny.ch\/wordpress\/wp-json\/wp\/v2\/pages\/1456\/revisions"}],"predecessor-version":[{"id":1466,"href":"https:\/\/patrimoinesdemartigny.ch\/wordpress\/wp-json\/wp\/v2\/pages\/1456\/revisions\/1466"}],"wp:attachment":[{"href":"https:\/\/patrimoinesdemartigny.ch\/wordpress\/wp-json\/wp\/v2\/media?parent=1456"}],"curies":[{"name":"wp","href":"https:\/\/api.w.org\/{rel}","templated":true}]}}