{"id":376,"date":"2014-02-16T18:19:22","date_gmt":"2014-02-16T17:19:22","guid":{"rendered":"http:\/\/localhost:8888\/wordpress\/?page_id=376"},"modified":"2014-02-16T18:19:22","modified_gmt":"2014-02-16T17:19:22","slug":"status","status":"publish","type":"page","link":"https:\/\/patrimoinesdemartigny.ch\/wordpress\/association\/status\/","title":{"rendered":"Statuts"},"content":{"rendered":"<p style=\"text-align: justify;\">Patrimoines de Martigny est la nouvelle d\u00e9nomination que l\u2019Association du Vieux Martigny a adopt\u00e9e lors de sa 19\u00e8me Assembl\u00e9e g\u00e9n\u00e9rale du 20 f\u00e9vrier 2001.<br \/>\nLa nouvelle association continue l\u2019esprit et l\u2019action des associations pr\u00e9c\u00e9dentes, constitu\u00e9es respectivement les 23 mars 1959 et 9 f\u00e9vrier 1977.<br \/>\nPatrimoines de Martigny (ci-apr\u00e8s \u201c\u00a0l\u2019Association\u00a0\u201d) est constitu\u00e9e en association \u00e0 but id\u00e9al au sens des articles 60 \u00e0 79 du Code Civil suisse.<\/p>\n<p style=\"text-align: justify;\"><strong>Buts de l\u2019Association<\/strong><\/p>\n<p style=\"text-align: justify;\">Article 1<br \/>\nL\u2019Association a pour buts\u00a0:<\/p>\n<p style=\"padding-left: 30px; text-align: justify;\">a) de veiller \u00e0 la sauvegarde et \u00e0 la mise en valeur des diff\u00e9rents patrimoines (artistiques, culturels, historiques, mobiliers, naturels, etc.) de la r\u00e9gion de Martigny\u00a0;<br \/>\nb) d\u2019informer la population et les autorit\u00e9s du caract\u00e8re et de la valeur de son patrimoine, notamment au moyen de publications, conf\u00e9rences, visites comment\u00e9es, etc. ;<br \/>\nc) d\u2019\u00eatre un interlocuteur constructif aupr\u00e8s des autorit\u00e9s communales pour tout ce qui concerne la protection et la mise en valeur des diff\u00e9rents patrimoines, tant anciens que modernes.<\/p>\n<p style=\"text-align: justify;\"><strong>Ressources de l\u2019Association<\/strong><\/p>\n<p style=\"text-align: justify;\">Article 2<br \/>\nLes ressources de l\u2019Association se composent de\u00a0:<\/p>\n<p style=\"padding-left: 30px; text-align: justify;\">cotisations\u00a0;<br \/>\nrecettes diverses (sponsoring, vente de publications, prestations diverses, etc.)\u00a0;<br \/>\ndons, legs\u00a0;<br \/>\nsubventions.<\/p>\n<p style=\"text-align: justify;\"><strong>Organes de l\u2019Association<\/strong><\/p>\n<p style=\"text-align: justify;\">Les organes de l\u2019Association sont\u00a0:<\/p>\n<p style=\"padding-left: 30px; text-align: justify;\">l\u2019Assembl\u00e9e g\u00e9n\u00e9rale des membres\u00a0;<br \/>\nle Comit\u00e9\u00a0;<br \/>\nles v\u00e9rificateurs des comptes.<\/p>\n<p style=\"text-align: justify;\">Article 3<br \/>\nQuiconque en manifeste le d\u00e9sir peut demander \u00e0 adh\u00e9rer \u00e0 l\u2019Association\u00a0; le Comit\u00e9 se prononce sur l\u2019admission et l\u2019exclusion des membres. A son admission, chaque membre re\u00e7oit un exemplaire des Statuts de l\u2019Association.<\/p>\n<p style=\"text-align: justify;\">Article 4<br \/>\nSur proposition du Comit\u00e9, l\u2019Assembl\u00e9e g\u00e9n\u00e9rale peut \u00e9lire des membres d\u2019honneur.<\/p>\n<p style=\"text-align: justify;\">Article 5<br \/>\nLes membres qui n\u2019ont pas pay\u00e9 leur cotisation pendant deux ann\u00e9es cons\u00e9cutives, malgr\u00e9 sommation, sont radi\u00e9s d\u2019office.<\/p>\n<p style=\"text-align: justify;\">Article 6<br \/>\nLa d\u00e9mission d\u2019un membre n\u2019est valable que pour la fin d\u2019une ann\u00e9e civile. La cotisation est due int\u00e9gralement pour cette ann\u00e9e l\u00e0.<\/p>\n<p style=\"text-align: justify;\"><strong>L\u2019Assembl\u00e9e g\u00e9n\u00e9rale<\/strong><\/p>\n<p style=\"text-align: justify;\">Article 7<br \/>\nL\u2019Assembl\u00e9e g\u00e9n\u00e9rale est l\u2019organe supr\u00eame de l\u2019Association. Elle se r\u00e9unit chaque ann\u00e9e sur convocation du Comit\u00e9 durant le premier trimestre.<br \/>\nLe Comit\u00e9 convoque une Assembl\u00e9e g\u00e9n\u00e9rale extraordinaire lorsqu\u2019il le juge n\u00e9cessaire ou si un cinqui\u00e8me des membres en fait la demande par \u00e9crit.<\/p>\n<p style=\"text-align: justify;\">Article 8<br \/>\nLes convocations se font par \u00e9crit avec indication du lieu et de la date de l\u2019Assembl\u00e9e, accompagn\u00e9e de l\u2019ordre du jour, au moins trois semaines \u00e0 l\u2019avance.<\/p>\n<p style=\"text-align: justify;\">Article 9<br \/>\nL\u2019Assembl\u00e9e g\u00e9n\u00e9rale d\u00e9cide de toutes les affaires qui ne sont pas du ressort d\u2019autres organes de l\u2019Association. En particulier\u00a0:<br \/>\nelle \u00e9lit le Comit\u00e9, le pr\u00e9sident et les v\u00e9rificateurs des comptes\u00a0;<br \/>\nelle vote sur toutes les questions port\u00e9es \u00e0 l\u2019ordre du jour\u00a0;<br \/>\nelle adopte le rapport annuel et les comptes, et en donne d\u00e9charge au Comit\u00e9\u00a0;<br \/>\nelle statue sur les propositions des membres et du Comit\u00e9 (en r\u00e8gle g\u00e9n\u00e9rale, les propositions des membres doivent parvenir au pr\u00e9sident, \u00e0 l\u2019intention du Comit\u00e9, au plus tard deux semaines avant l\u2019Assembl\u00e9e g\u00e9n\u00e9rale)\u00a0;<br \/>\nelle fixe le montant de la cotisation annuelle, sur proposition du Comit\u00e9\u00a0;<br \/>\nelle nomme les v\u00e9rificateurs des comptes.<\/p>\n<p style=\"text-align: justify;\">Article 10<br \/>\nLors des votations, tous les membres n\u2019ont qu\u2019une voix\u00a0; les d\u00e9cisions de l\u2019Assembl\u00e9e g\u00e9n\u00e9rale sont prises \u00e0 la majorit\u00e9 relative des voix des membres pr\u00e9sents.<br \/>\nLe vote se fait \u00e0 main lev\u00e9e\u00a0; il peut \u00eatre \u00e9galement fait au bulletin secret si un dixi\u00e8me des membres de l\u2019Assembl\u00e9e g\u00e9n\u00e9rale le demande.<br \/>\nLe pr\u00e9sident d\u00e9partage les voix en cas d\u2019\u00e9galit\u00e9.<\/p>\n<p style=\"text-align: justify;\"><strong>Le Comit\u00e9<\/strong><\/p>\n<p style=\"text-align: justify;\">Article 11<br \/>\nLe Comit\u00e9 est \u00e9lu pour trois ans par l\u2019Assembl\u00e9e g\u00e9n\u00e9rale.<\/p>\n<p style=\"text-align: justify;\">Article 12<br \/>\nLe Comit\u00e9 se compose de cinq \u00e0 neuf membres. Il se constitue lui-m\u00eame. Il peut nommer des commissions dont les membres peuvent \u00eatre choisis en dehors du Comit\u00e9.<\/p>\n<p style=\"text-align: justify;\">Article 13<br \/>\nLe Comit\u00e9 est responsable de l\u2019administration courante de l\u2019Association en conformit\u00e9 avec les Statuts et tranche sur toutes les questions qui sont de sa comp\u00e9tence, notamment\u00a0:<\/p>\n<p style=\"padding-left: 30px; text-align: justify;\">il statue sur l\u2019organisation int\u00e9rieure et les affaires courantes\u00a0;<br \/>\nil repr\u00e9sente l\u2019Association aupr\u00e8s des autorit\u00e9s\u00a0; il veille particuli\u00e8rement \u00e0 entretenir un contact r\u00e9gulier avec l\u2019administration communale\u00a0;<br \/>\nil pr\u00e9pare toutes les propositions \u00e0 pr\u00e9senter \u00e0 l\u2019Assembl\u00e9e g\u00e9n\u00e9rale\u00a0;<br \/>\nil dresse le rapport annuel, les comptes et le budget, et il propose \u00e0 l\u2019Assembl\u00e9e\u00a0 g\u00e9n\u00e9rale le montant de la cotisation\u00a0;<br \/>\nil nomme des commissions de travail\u00a0;<br \/>\nil \u00e9tablit la comptabilit\u00e9 de l\u2019Association\u00a0;<br \/>\nil est comp\u00e9tent pour prononcer l\u2019admission ou l\u2019exclusion des membres, dont il tient \u00e0 jour la liste.<\/p>\n<p style=\"text-align: justify;\">Article 14<br \/>\nLe pr\u00e9sident convoque le Comit\u00e9 aussi souvent que cela est n\u00e9cessaire en indiquant l\u2019ordre du jour.<\/p>\n<p style=\"text-align: justify;\">Article 15<br \/>\nLes d\u00e9cisions du Comit\u00e9 sont prises \u00e0 la majorit\u00e9 des voix des membres pr\u00e9sents. En cas d\u2019\u00e9galit\u00e9, le pr\u00e9sident d\u00e9partage les voix.<\/p>\n<p style=\"text-align: justify;\">Article 16<br \/>\nTout membre du Comit\u00e9 est priv\u00e9 de son droit de vote dans les d\u00e9cisions relatives \u00e0 une affaire lorsque lui-m\u00eame, son conjoint ou ses parents en ligne directe sont parties en cause. Sur demande de la majorit\u00e9 du Comit\u00e9, il peut \u00eatre exclu de la d\u00e9lib\u00e9ration concernant un tel objet.<\/p>\n<p style=\"text-align: justify;\">Article 17<br \/>\nChaque r\u00e9union du Comit\u00e9 fait l\u2019objet d\u2019un proc\u00e8s-verbal transmis aux membres du Comit\u00e9 et soumis \u00e0 leur approbation.<\/p>\n<p style=\"text-align: justify;\">Article 18<br \/>\nL\u2019Association est valablement engag\u00e9e par la signature collective du pr\u00e9sident et du secr\u00e9taire, du tr\u00e9sorier ou d\u2019un membre du Comit\u00e9.<\/p>\n<p style=\"text-align: justify;\"><strong>Les v\u00e9rificateurs des comptes<\/strong><\/p>\n<p style=\"text-align: justify;\">Article 19<br \/>\nLes v\u00e9rificateurs des comptes, au nombre de deux, sont \u00e9lus par l\u2019Assembl\u00e9e g\u00e9n\u00e9rale pour une p\u00e9riode de trois ans. Ils sont charg\u00e9s d\u2019examiner les comptes de l\u2019Association et de pr\u00e9senter un rapport \u00e0 leur sujet \u00e0 l\u2019Assembl\u00e9e g\u00e9n\u00e9rale.<\/p>\n<p style=\"text-align: justify;\"><strong>Dissolution de l\u2019Association<\/strong><\/p>\n<p style=\"text-align: justify;\">Article 20<br \/>\nLa dissolution de l\u2019Association ne peut \u00eatre prononc\u00e9e que par une Assembl\u00e9e g\u00e9n\u00e9rale r\u00e9unissant la moiti\u00e9 des membres. Si le quorum n\u2019est pas atteint, une seconde Assembl\u00e9e peut \u00eatre convoqu\u00e9e. La dissolution de l\u2019Association peut alors \u00eatre prononc\u00e9e \u00e0 la majorit\u00e9 des 3\/4 des membres pr\u00e9sents.<\/p>\n<p style=\"text-align: justify;\">Article 21<br \/>\nEn cas de dissolution, l\u2019Assembl\u00e9e g\u00e9n\u00e9rale d\u00e9cide du sort de l\u2019actif social qui devra \u00eatre affect\u00e9 \u00e0 une destination analogue aux buts de l\u2019Association.<\/p>\n<p style=\"text-align: justify;\">La secr\u00e9taire\u00a0\u00a0 \u00a0\u00a0\u00a0 \u00a0\u00a0\u00a0 \u00a0\u00a0\u00a0 \u00a0\u00a0\u00a0 \u00a0\u00a0\u00a0 \u00a0\u00a0\u00a0 \u00a0Le pr\u00e9sident<\/p>\n<p style=\"text-align: justify;\">Statuts adopt\u00e9s lors de l\u2019assembl\u00e9e g\u00e9n\u00e9rale du 18 mars 2002 \u00e0 Martigny.<\/p>\n","protected":false},"excerpt":{"rendered":"<p>Patrimoines de Martigny est la nouvelle d\u00e9nomination que l\u2019Association du Vieux Martigny a adopt\u00e9e lors de sa 19\u00e8me Assembl\u00e9e g\u00e9n\u00e9rale du 20 f\u00e9vrier 2001. La nouvelle association continue l\u2019esprit et l\u2019action des associations pr\u00e9c\u00e9dentes, constitu\u00e9es respectivement les 23 mars 1959 et 9 f\u00e9vrier 1977. Patrimoines de Martigny (ci-apr\u00e8s \u201c\u00a0l\u2019Association\u00a0\u201d) est constitu\u00e9e en association \u00e0 but&#8230;<\/p>\n","protected":false},"author":1,"featured_media":0,"parent":355,"menu_order":0,"comment_status":"closed","ping_status":"closed","template":"sidebar-page.php","meta":{"_seopress_robots_primary_cat":"","_seopress_titles_title":"","_seopress_titles_desc":"","_seopress_robots_index":"","footnotes":""},"class_list":["post-376","page","type-page","status-publish","hentry"],"jetpack_sharing_enabled":true,"_links":{"self":[{"href":"https:\/\/patrimoinesdemartigny.ch\/wordpress\/wp-json\/wp\/v2\/pages\/376","targetHints":{"allow":["GET"]}}],"collection":[{"href":"https:\/\/patrimoinesdemartigny.ch\/wordpress\/wp-json\/wp\/v2\/pages"}],"about":[{"href":"https:\/\/patrimoinesdemartigny.ch\/wordpress\/wp-json\/wp\/v2\/types\/page"}],"author":[{"embeddable":true,"href":"https:\/\/patrimoinesdemartigny.ch\/wordpress\/wp-json\/wp\/v2\/users\/1"}],"replies":[{"embeddable":true,"href":"https:\/\/patrimoinesdemartigny.ch\/wordpress\/wp-json\/wp\/v2\/comments?post=376"}],"version-history":[{"count":0,"href":"https:\/\/patrimoinesdemartigny.ch\/wordpress\/wp-json\/wp\/v2\/pages\/376\/revisions"}],"up":[{"embeddable":true,"href":"https:\/\/patrimoinesdemartigny.ch\/wordpress\/wp-json\/wp\/v2\/pages\/355"}],"wp:attachment":[{"href":"https:\/\/patrimoinesdemartigny.ch\/wordpress\/wp-json\/wp\/v2\/media?parent=376"}],"curies":[{"name":"wp","href":"https:\/\/api.w.org\/{rel}","templated":true}]}}