{"id":378,"date":"2014-02-16T18:19:31","date_gmt":"2014-02-16T17:19:31","guid":{"rendered":"http:\/\/localhost:8888\/wordpress\/?page_id=378"},"modified":"2025-04-14T13:30:03","modified_gmt":"2025-04-14T11:30:03","slug":"comite-actuel","status":"publish","type":"page","link":"https:\/\/patrimoinesdemartigny.ch\/wordpress\/association\/comite-actuel\/","title":{"rendered":"Comit\u00e9 actuel"},"content":{"rendered":"<ul>\n<li>M. Ludovic Schober, pr\u00e9sident &amp; caissier &#8211; <em>A<\/em><em>rchitecte<\/em><em><br \/>\n<\/em><\/li>\n<li>M. Jacques Pillet, secr\u00e9taire<\/li>\n<li>M. Arnaud Meilland &#8211; <em>H<\/em><em>istorien<\/em><\/li>\n<li>Mme Genevi\u00e8ve Nanchen &#8211; <em>A<\/em><em>rchitecte<\/em><\/li>\n<li>M. Leandro Saudan Trist\u00e3o &#8211; <em>A<\/em><em>rch\u00e9ologue et historien<br \/>\n<\/em><\/li>\n<li>Mme Maruschka Bussien &#8211; <em>H<\/em><em>istorienne<\/em><\/li>\n<li>Mme No\u00e9mie Carraux &#8211; <em>H<\/em><em>istorienne de l&rsquo;art<\/em><\/li>\n<li>M. J\u00e9r\u00e9my May &#8211; <em>E<\/em><em>nseignant<\/em><\/li>\n<li>M. Ga\u00ebtan Cassina, pr\u00e9sident d&rsquo;honneur &#8211; <em>P<\/em><em>rofesseur honoraire<\/em><\/li>\n<\/ul>\n","protected":false},"excerpt":{"rendered":"<p>M. Ludovic Schober, pr\u00e9sident &amp; caissier &#8211; Architecte M. Jacques Pillet, secr\u00e9taire M. Arnaud Meilland &#8211; Historien Mme Genevi\u00e8ve Nanchen &#8211; Architecte M. Leandro Saudan Trist\u00e3o &#8211; Arch\u00e9ologue et historien Mme Maruschka Bussien &#8211; Historienne Mme No\u00e9mie Carraux &#8211; Historienne de l&rsquo;art M. J\u00e9r\u00e9my May &#8211; Enseignant M. Ga\u00ebtan Cassina, pr\u00e9sident d&rsquo;honneur &#8211; Professeur honoraire<\/p>\n","protected":false},"author":1,"featured_media":0,"parent":355,"menu_order":0,"comment_status":"closed","ping_status":"closed","template":"","meta":{"_seopress_robots_primary_cat":"","_seopress_titles_title":"","_seopress_titles_desc":"","_seopress_robots_index":"","footnotes":""},"class_list":["post-378","page","type-page","status-publish","hentry"],"jetpack_sharing_enabled":true,"_links":{"self":[{"href":"https:\/\/patrimoinesdemartigny.ch\/wordpress\/wp-json\/wp\/v2\/pages\/378","targetHints":{"allow":["GET"]}}],"collection":[{"href":"https:\/\/patrimoinesdemartigny.ch\/wordpress\/wp-json\/wp\/v2\/pages"}],"about":[{"href":"https:\/\/patrimoinesdemartigny.ch\/wordpress\/wp-json\/wp\/v2\/types\/page"}],"author":[{"embeddable":true,"href":"https:\/\/patrimoinesdemartigny.ch\/wordpress\/wp-json\/wp\/v2\/users\/1"}],"replies":[{"embeddable":true,"href":"https:\/\/patrimoinesdemartigny.ch\/wordpress\/wp-json\/wp\/v2\/comments?post=378"}],"version-history":[{"count":19,"href":"https:\/\/patrimoinesdemartigny.ch\/wordpress\/wp-json\/wp\/v2\/pages\/378\/revisions"}],"predecessor-version":[{"id":1477,"href":"https:\/\/patrimoinesdemartigny.ch\/wordpress\/wp-json\/wp\/v2\/pages\/378\/revisions\/1477"}],"up":[{"embeddable":true,"href":"https:\/\/patrimoinesdemartigny.ch\/wordpress\/wp-json\/wp\/v2\/pages\/355"}],"wp:attachment":[{"href":"https:\/\/patrimoinesdemartigny.ch\/wordpress\/wp-json\/wp\/v2\/media?parent=378"}],"curies":[{"name":"wp","href":"https:\/\/api.w.org\/{rel}","templated":true}]}}