{"id":383,"date":"2014-02-16T18:21:07","date_gmt":"2014-02-16T17:21:07","guid":{"rendered":"http:\/\/localhost:8888\/wordpress\/?page_id=383"},"modified":"2025-04-14T11:13:40","modified_gmt":"2025-04-14T09:13:40","slug":"conferences","status":"publish","type":"page","link":"https:\/\/patrimoinesdemartigny.ch\/wordpress\/conf-et-visites\/conferences\/","title":{"rendered":"Conf\u00e9rences"},"content":{"rendered":"<p>Chaque ann\u00e9e, lors de l\u2019assembl\u00e9e g\u00e9n\u00e9rale, le comit\u00e9 invite une ou plusieurs personnes \u00e0 venir pr\u00e9senter un sujet touchant de pr\u00e8s ou de loin la ville de Martigny et sa r\u00e9gion.<\/p>\n<p><strong>La liste des interventions et intervenants depuis 1978<\/strong><\/p>\n<ul>\n<li><strong>2025\u00a0<\/strong>Leandro Trist\u00e3o, historien et arch\u00e9ologue, <span style=\"font-size: inherit;\">\u00ab<\/span> M\u00e9decine antique: entre divinit\u00e9 et exp\u00e9rimentation <span style=\"font-size: inherit;\">\u00bb<\/span><\/li>\n<li><strong>2024\u00a0<\/strong>Antoine Conforti, historien, <span style=\"font-size: inherit;\">\u00ab <\/span>Martigny et les Morand : Trajectoire d&rsquo;un essor familial <span style=\"font-size: inherit;\">\u00bb<\/span><\/li>\n<li><strong>2023\u00a0<\/strong>Christophe Valentini, architecte, responsable des sites et monuments au Service immobilier et patrimoine, <span style=\"font-size: inherit;\">\u00ab <\/span>Propos sur le vernaculaire en Valais <span style=\"font-size: inherit;\">\u00bb<\/span><\/li>\n<li><strong>2022\u00a0<\/strong><span style=\"font-size: inherit;\">Caroline Bridel, titulaire d&rsquo;un\u00a0Master en Sciences de l\u2019Antiquit\u00e9, \u00ab\u00a0Martigny entre Antiquit\u00e9 tardive et Haut Moyen-\u00c2ge, une transition r\u00e9v\u00e9l\u00e9e par les tombes \u00bb<\/span><\/li>\n<li><strong>2021<\/strong> Patrick Giromini et Michael Chappuis de la section patrimoine du Service immobilier et patrimoine du canton du Valais, \u00ab Inventaire, classement et mise sous protection du patrimoine b\u00e2ti \u00bb<\/li>\n<li><strong>2019<\/strong> Catherine Raemy-Berthod, historienne de l\u2019art, \u00ab\u00a0Casimir Besson et quelques architectes de son temps \u00e0 Martigny\u00a0\u00bb<\/li>\n<li><strong>2018<\/strong> Romain Andenmatten, arch\u00e9ologue, \u00ab\u00a0Recherches autour du Mur (dit) d\u2019Hannibal. De la d\u00e9couverte arch\u00e9ologique \u00e0 l\u2019histoire des Alpes poeninnes\u00a0\u00bb<\/li>\n<li><strong>2017<\/strong> Jean-Louis Pitteloud, \u00ab Pr\u00e9sentation des vitraux de Martigny et r\u00e9gion \u00bb<\/li>\n<li><strong>2016<\/strong> Arnaud Meilland, historien, \u00ab Balade dans l\u2019histoire de Saxon du Moyen Age au XXe si\u00e8cle \u00bb<\/li>\n<li><strong>2015<\/strong> Fran\u00e7ois Wibl\u00e9, arch\u00e9ologue cantonal, \u00ab Les ph\u00e9nom\u00e8nes religieux dans l\u2019antiquit\u00e9 martigneraine \u00bb<\/li>\n<li><strong>2014<\/strong> Ga\u00ebtan Cassina, professeur honoraire, Christine Payot, historienne, Carine Antonio, historienne, Michel Voillat, architecte, \u00ab Martigny-Bourg : histoire d\u2019un quartier. S\u00e9paration et (re)mariage de raison \u00bb<\/li>\n<li><strong>2013<\/strong> Renato Salvi, architecte de la ville de Sion, \u00ab\u00a0Patrimoine suisse\u00a0: Prix Wakker 2013 \u00e0 Sion\u00a0; Une mue urbaine r\u00e9ussie\u00a0: r\u00e9flexions sur la mani\u00e8re de \u2018construire la ville\u2019\u00a0\u00bb<\/li>\n<li><strong>2012<\/strong> Carine Antonio, historienne, \u00ab\u00a0De l&rsquo;unit\u00e9 au d\u00e9membrement communal: l&rsquo;\u00e9volution politique du Grand-Martigny (1798-1835)\u00a0\u00bb<\/li>\n<li><strong>2011<\/strong> Jean-Blaise Gardiol, arch\u00e9ologue, \u00ab\u00a0Le coll\u00e8ge Sainte-Marie (ancien H\u00f4tel de la Tour) \u00bb<\/li>\n<li><strong>2010<\/strong> C\u00e9line Coquoz, historienne, \u00ab\u00a0La B\u00e2tiaz comme commune\u00a0\u00bb<\/li>\n<li><strong>2009<\/strong> Joanna Vanay et Anouk Crozzoli, archivistes de la ville de Martigny, \u00ab\u00a0Les archives de Martigny\u00a0\u00bb<\/li>\n<li><strong>2008<\/strong> Michel Darbellay, photographe, \u00abLes archives photographiques de 1895 \u00e0 2008 de la dynastie des photographes Darbellay\u00bb<\/li>\n<li><strong>2007<\/strong> Conf\u00e9rence d\u00e9bat: \u00ab\u00a0La place centrale, son pass\u00e9, son avenir\u00a0\u00bb. Avec Armand Brulhart, professeur d&rsquo;histoire de l&rsquo;art: \u00ab\u00a0La place centrale, une extraordinaire histoire\u00a0\u00bb; Olivier Dumas, pr\u00e9sident de la ville de Martigny: \u00ab\u00a0La place centrale, son r\u00f4le dans la cit\u00e9 et les futurs am\u00e9nagements\u00a0\u00bb.<\/li>\n<li><strong>2006<\/strong> Anne Dominique Zufferey, directrice du Mus\u00e9e Valaisan de la Vigne et du Vin, \u00ab\u00a0Le vin et les Valaisans, une longue tradition\u00a0\u00bb, avec d\u00e9gustation conduite par G\u00e9rald Besse, vigneron \u00e9leveur \u00e0 Martigny-Combe<\/li>\n<li><strong>2005<\/strong> Vincianne Glassey, historienne de l&rsquo;art, \u00ab\u00a0L&rsquo;art religieux local: les chapelles de la Contre R\u00e9forme\u00a0\u00bb et Ga\u00ebtan Cassina, professeur d&rsquo;histoire de l&rsquo;art, \u00ab\u00a0Le destin des autels de l&rsquo;Eglise paroissiale de Martigny\u00a0\u00bb, par Ga\u00ebtan Cassina<\/li>\n<li><strong>2004<\/strong> Conf\u00e9rence-d\u00e9bat: \u00ab\u00a0L&rsquo;am\u00e9nagement du carrefour du Pr\u00e9 de Foire \u00e0 Martigny-Bourg\u00a0\u00bb avec Olivier Dumas, vice pr\u00e9sident de Martigny, Jean Paul et Katsumi Darbellay, architectes<\/li>\n<li><strong>2003<\/strong> Guy Ducrey, \u00ab\u00a0L&rsquo;esth\u00e9tique des toits\u00a0\u00bb<\/li>\n<li><strong>2002<\/strong> Christine Payot, historienne, \u00ab\u00a0Tout (ou presque) ce que vous avez toujours voulu savoir sur le Ch\u00e2teau de Martigny (plus connu sous le nom de \u2018Tour de la B\u00e2tiaz\u2019\u00a0\u00bb<\/li>\n<li><strong>2001<\/strong> D\u00e9bat public \u00ab\u00a0L&rsquo;animation touristique \u00e0 Martigny\u00a0\u00bb, avec Antoinette de Wolff, Fondation Pierre Gianadda, Raphy Darbellay, CERM et Casino, Massimo Migliaccio, Association pour l&rsquo;Am\u00e9nagement et le d\u00e9veloppement du site historique de la B\u00e2tiaz, Georges Saudan, Office de Tourisme, Guy Ducrey mod\u00e9rateur.<\/li>\n<li><strong>2000<\/strong> Christian Coppey, architecte et urbaniste, \u00ab\u00a0D\u00e9veloppement historique du tourisme et des h\u00f4tels de la r\u00e9gion de Martigny\u00a0\u00bb<\/li>\n<li><strong>1999<\/strong> pas d\u2019assembl\u00e9e g\u00e9n\u00e9rale<\/li>\n<li><strong>1998<\/strong> Jean-Michel Gard, directeur du Manoir, et alii, \u00ab\u00a0Le Manoir de la Ville de Martigny\u00a0\u00bb<\/li>\n<li><strong>1997<\/strong> Ferdinand Pajor, historien de l&rsquo;art, \u00ab\u00a0Forme et fonctions des places publiques du Moyen Age au XVIIIe si\u00e8cle\u00a0\u00bb<\/li>\n<li><strong>1996<\/strong> Michel Clivaz, architecte dipl. EPFZ, charg\u00e9 d&rsquo;enseignement \u00e0 l&rsquo;Institut d&rsquo;Architecture de l&rsquo;Universit\u00e9 de Gen\u00e8ve, \u00ab\u00a0Patrimoine et d\u00e9veloppement durable\u00a0\u00bb<\/li>\n<li><strong>1995<\/strong> Mich\u00e8le Grote, historienne des monuments, \u00ab\u00a0Fran\u00e7ois Jaquerod, architecte, et l&rsquo;H\u00f4tel de Ville de Martigny\u00a0\u00bb<\/li>\n<li><strong>1994<\/strong> Jean-Marc Biner, responsable de l&rsquo;Office cantonal de protection des biens culturels, \u00ab\u00a0La protection des biens culturels en Valais\u00a0\u00bb<\/li>\n<li><strong>1993<\/strong> Jean-Henri Papilloud, directeur du Centre valaisan du film et de la photographie, \u00ab\u00a0Martigny autrefois\u00a0\u00bb, film sur Martigny, et un autre film sur le bagnard Perraudin, pionnier de la glaciologie<\/li>\n<li><strong>1992<\/strong> Catherine Berthod, historienne de l\u2019art, \u00ab\u00a0Casimir Besson, architecte\u00a0\u00bb<\/li>\n<li><strong>1991<\/strong> Armand Brulhart, professeur d\u2019histoire de l\u2019art, \u00ab\u00a0Poliphile \u00e0 Martigny\u00a0\u00bb<\/li>\n<\/ul>\n<ul>\n<li><strong>1990<\/strong> Jean-Henry Papilloud, centre valaisan du Film, pr\u00e9sent\u00e9 par le Centre valaisan du Film (M. Papilloud)\u00a0: \u00ab\u00a0Armand Rouiller de Troistorrents, artisan du bois\u00a0\u00bb, documentaire de Jaqueline Veuve.<\/li>\n<li>1989 pas de conf\u00e9rence<\/li>\n<li>1988 pas de conf\u00e9rence<\/li>\n<li>1987 pas de conf\u00e9rence<\/li>\n<li>1986 pas de conf\u00e9rence<\/li>\n<li><strong>1985<\/strong> Ga\u00ebtan Cassina, historien de l\u2019art, \u00ab\u00a0La Place centrale de Martigny; Gen\u00e8se et Evolution\u00a0\u00bb<\/li>\n<li><strong>1984<\/strong> L\u00e9onard Closuit, \u00ab\u00a0Diaporama sur les monuments de Martigny\u00a0\u00bb<\/li>\n<li><strong>1983<\/strong> E. Parlier, \u00ab\u00a0Feux d&rsquo;automne en Valais\u00a0\u00bb; \u00ab\u00a0Sierre et le Val d&rsquo;Annivier\u00a0\u00bb, films pr\u00e9sent\u00e9s par M. R. Eggs<\/li>\n<li><strong>1982<\/strong> Fran\u00e7ois-Olivier Dubuis, chef du Service des monuments historiques et recherches arch\u00e9ologiques, \u00ab\u00a0Saint Th\u00e9odule, \u00e9v\u00eaque du Valais au 4\u00e8me si\u00e8cle, l&rsquo;homme et la l\u00e9gende\u00a0\u00bb<\/li>\n<li><strong>1981<\/strong> Michel Darbellay, \u00ab\u00a0Martigny, ville de passage et d&rsquo;accueil\u00a0\u00bb<\/li>\n<li><strong>1980<\/strong> Daniel Anet, \u00ab\u00a0Martigny en gravures anciennes\u00a0\u00bb<\/li>\n<li><strong>1979<\/strong> Auguste Lugon, taillandier, pr\u00e9sentation in situ de la forge de Martigny-Bourg\u00a0; Jean-Paul Darbellay, architecte, pr\u00e9sentation in situ du chantier de pavage de la Grand\u2019Rue et de la Place de Martigny-Bourg<\/li>\n<li><strong>1978<\/strong> Ga\u00ebtan Cassina, historien de l\u2019art, \u00ab\u00a0Les joyaux de l&rsquo;art baroque et rococo \u00e0 Martigny et dans l&rsquo;Entremont\u00a0\u00bb<\/li>\n<\/ul>\n","protected":false},"excerpt":{"rendered":"<p>Chaque ann\u00e9e, lors de l\u2019assembl\u00e9e g\u00e9n\u00e9rale, le comit\u00e9 invite une ou plusieurs personnes \u00e0 venir pr\u00e9senter un sujet touchant de pr\u00e8s ou de loin la ville de Martigny et sa r\u00e9gion. La liste des interventions et intervenants depuis 1978 2025\u00a0Leandro Trist\u00e3o, historien et arch\u00e9ologue, \u00ab M\u00e9decine antique: entre divinit\u00e9 et exp\u00e9rimentation \u00bb 2024\u00a0Antoine Conforti, historien,&#8230;<\/p>\n","protected":false},"author":1,"featured_media":0,"parent":359,"menu_order":0,"comment_status":"closed","ping_status":"closed","template":"","meta":{"_seopress_robots_primary_cat":"","_seopress_titles_title":"","_seopress_titles_desc":"","_seopress_robots_index":"","_seopress_analysis_target_kw":"","footnotes":""},"class_list":["post-383","page","type-page","status-publish","hentry"],"jetpack_sharing_enabled":true,"_links":{"self":[{"href":"https:\/\/patrimoinesdemartigny.ch\/wordpress\/wp-json\/wp\/v2\/pages\/383","targetHints":{"allow":["GET"]}}],"collection":[{"href":"https:\/\/patrimoinesdemartigny.ch\/wordpress\/wp-json\/wp\/v2\/pages"}],"about":[{"href":"https:\/\/patrimoinesdemartigny.ch\/wordpress\/wp-json\/wp\/v2\/types\/page"}],"author":[{"embeddable":true,"href":"https:\/\/patrimoinesdemartigny.ch\/wordpress\/wp-json\/wp\/v2\/users\/1"}],"replies":[{"embeddable":true,"href":"https:\/\/patrimoinesdemartigny.ch\/wordpress\/wp-json\/wp\/v2\/comments?post=383"}],"version-history":[{"count":12,"href":"https:\/\/patrimoinesdemartigny.ch\/wordpress\/wp-json\/wp\/v2\/pages\/383\/revisions"}],"predecessor-version":[{"id":1475,"href":"https:\/\/patrimoinesdemartigny.ch\/wordpress\/wp-json\/wp\/v2\/pages\/383\/revisions\/1475"}],"up":[{"embeddable":true,"href":"https:\/\/patrimoinesdemartigny.ch\/wordpress\/wp-json\/wp\/v2\/pages\/359"}],"wp:attachment":[{"href":"https:\/\/patrimoinesdemartigny.ch\/wordpress\/wp-json\/wp\/v2\/media?parent=383"}],"curies":[{"name":"wp","href":"https:\/\/api.w.org\/{rel}","templated":true}]}}