{"id":393,"date":"2014-02-16T18:22:31","date_gmt":"2014-02-16T18:22:31","guid":{"rendered":"http:\/\/localhost:8888\/wordpress\/?page_id=393"},"modified":"2021-04-19T10:20:30","modified_gmt":"2021-04-19T09:20:30","slug":"autre","status":"publish","type":"page","link":"https:\/\/patrimoinesdemartigny.ch\/wordpress\/publications\/autre\/","title":{"rendered":"Autres publications"},"content":{"rendered":"<p style=\"text-align: justify;\">Outre les bulletins de Patrimoines de Martigny, notre association a \u00e9dit\u00e9 ou particip\u00e9 \u00e0 l\u2019\u00e9dition d\u2019autres ouvrages :<\/p>\n<ul style=\"text-align: justify;\">\n<li><em>Martigny et ses patrimoines &#8211; Regards sur un h\u00e9ritage, <\/em>publi\u00e9 \u00e0 l&rsquo;occasion des 60 ans de\u00a0Patrimoines de Martigny,<em>\u00a0<\/em>Martigny, 2020, 200 p. ill. (CHF 28.-\/pi\u00e8ce)<\/li>\n<li><em>Chronique de Martigny, 1842-1945\/Philippe Farquet<\/em>, texte publi\u00e9 et annot\u00e9 par Roland Farquet, Martigny, Roland Farquet, 2016, 655 p. ill. (CHF 38.-\/pi\u00e8ce)<\/li>\n<li><em>Noces d\u2019or d\u2019un mariage de raison (50 ans de la fusion de Martigny-Bourg et Martigny-Ville)<\/em>, Martigny, 2014, 175 p. ill. (CHF 20.-\/pi\u00e8ce)<\/li>\n<li>Armand Brulhart, <em>La grande place de Martigny, ou, Le r\u00eave de Poliphile<\/em>, 2010, 187 p., 23 x 23 cm, ill. (CHF 46.00\/pi\u00e8ce)<\/li>\n<li><em>La B\u00e2tiaz (50 ans de la Fusion Martigny-Ville \/ La B\u00e2tiaz)<\/em>, 2006, 104 p. ill. (CHF 10.00\/pi\u00e8ce)<\/li>\n<li>Pascal Tissi\u00e8res, <em>Les mines de Dor\u00e9naz<\/em> (tir\u00e9 \u00e0 part des Annales valaisannes, 2003, 35 p., ill.) (CHF 15.00\/pi\u00e8ce)<\/li>\n<li>Christine Payot, <em>Ottans I Un village disparu<\/em> (tir\u00e9 \u00e0 part de Vallesia 2002, 35 p., ill.) (CHF 15.00\/pi\u00e8ce)<\/li>\n<li>Ga\u00ebtan Cassina\u00a0: <em>Un b\u00e2tisseur tessinois du XIVe si\u00e8cle en Valais \/ Jacuminus de Margui, de Torricella, et le clocher de Martigny<\/em>, 1987, 12 p., 24 x 17 cm, ill. (CHF 5.00\/pi\u00e8ce)<\/li>\n<li><em>Carillons de Martigny<\/em> (carillonneur\u00a0: M. Robert Terrettaz), cassette audio, r\u00e9alis\u00e9e par le Studio Ballestraz, Martigny (non dat\u00e9e).<\/li>\n<\/ul>\n","protected":false},"excerpt":{"rendered":"<p>Outre les bulletins de Patrimoines de Martigny, notre association a \u00e9dit\u00e9 ou particip\u00e9 \u00e0 l\u2019\u00e9dition d\u2019autres ouvrages : Martigny et ses patrimoines &#8211; Regards sur un h\u00e9ritage, publi\u00e9 \u00e0 l&rsquo;occasion des 60 ans de\u00a0Patrimoines de Martigny,\u00a0Martigny, 2020, 200 p. ill. (CHF 28.-\/pi\u00e8ce) Chronique de Martigny, 1842-1945\/Philippe Farquet, texte publi\u00e9 et annot\u00e9 par Roland Farquet, Martigny,&#8230;<\/p>\n","protected":false},"author":1,"featured_media":0,"parent":361,"menu_order":0,"comment_status":"closed","ping_status":"closed","template":"","meta":{"_seopress_robots_primary_cat":"","_seopress_titles_title":"","_seopress_titles_desc":"","_seopress_robots_index":"","footnotes":""},"class_list":["post-393","page","type-page","status-publish","hentry"],"jetpack_sharing_enabled":true,"_links":{"self":[{"href":"https:\/\/patrimoinesdemartigny.ch\/wordpress\/wp-json\/wp\/v2\/pages\/393","targetHints":{"allow":["GET"]}}],"collection":[{"href":"https:\/\/patrimoinesdemartigny.ch\/wordpress\/wp-json\/wp\/v2\/pages"}],"about":[{"href":"https:\/\/patrimoinesdemartigny.ch\/wordpress\/wp-json\/wp\/v2\/types\/page"}],"author":[{"embeddable":true,"href":"https:\/\/patrimoinesdemartigny.ch\/wordpress\/wp-json\/wp\/v2\/users\/1"}],"replies":[{"embeddable":true,"href":"https:\/\/patrimoinesdemartigny.ch\/wordpress\/wp-json\/wp\/v2\/comments?post=393"}],"version-history":[{"count":6,"href":"https:\/\/patrimoinesdemartigny.ch\/wordpress\/wp-json\/wp\/v2\/pages\/393\/revisions"}],"predecessor-version":[{"id":1332,"href":"https:\/\/patrimoinesdemartigny.ch\/wordpress\/wp-json\/wp\/v2\/pages\/393\/revisions\/1332"}],"up":[{"embeddable":true,"href":"https:\/\/patrimoinesdemartigny.ch\/wordpress\/wp-json\/wp\/v2\/pages\/361"}],"wp:attachment":[{"href":"https:\/\/patrimoinesdemartigny.ch\/wordpress\/wp-json\/wp\/v2\/media?parent=393"}],"curies":[{"name":"wp","href":"https:\/\/api.w.org\/{rel}","templated":true}]}}