{"id":404,"date":"2014-02-16T18:24:43","date_gmt":"2014-02-16T17:24:43","guid":{"rendered":"http:\/\/localhost:8888\/wordpress\/?page_id=404"},"modified":"2020-10-01T19:50:11","modified_gmt":"2020-10-01T19:50:11","slug":"patrimoine-architectural","status":"publish","type":"page","link":"https:\/\/patrimoinesdemartigny.ch\/wordpress\/patrimoines\/patrimoine-architectural\/","title":{"rendered":"Patrimoine architectural"},"content":{"rendered":"<p style=\"text-align: justify;\"><em>Le patrimoine architectural concerne le patrimoine immobilier construit, publique ou priv\u00e9, de valeur architecturale notoire. Les aspects d\u2019anciennet\u00e9 ne sont pas les seuls crit\u00e8res. Le param\u00e8tre qualitatif est pris en compte de mani\u00e8re primordiale. Il peut s\u2019agir d\u2019un \u00e9difice ou d\u2019un groupe d\u2019\u00e9difices, ou encore de l\u2019ensemble des \u00e9difices constituant une place, une rue, etc&#8230; Il peut s\u2019agir aussi bien d\u2019\u00e9difices anciens que contemporains. L\u2019\u00e9ventail peut aller de l\u2019amphith\u00e9\u00e2tre gallo-romain \u00e0 la station de compostage de la STEP (station d\u2019\u00e9puration) de la ville. Cette notion de patrimoine peut \u00eatre \u00e9largie aux fontaines, murs et autres constructions.<\/em><\/p>\n<p style=\"text-align: justify;\">Le patrimoine architectural a \u00e9t\u00e9 pendant tr\u00e8s longtemps le sujet principal de l&rsquo;action de l&rsquo;association. Il demeure toujours une de ses pr\u00e9occupations majeures.<\/p>\n<p style=\"text-align: justify;\"><strong>Objets embl\u00e9matiques du patrimoine architectural martignerain<\/strong><\/p>\n<p style=\"text-align: justify;\">Les objets \u00e0 forte valeur symbolique sont, de mani\u00e8re non exhaustive, \u00e0 Martigny\u00a0:<\/p>\n<p style=\"text-align: justify;\">Pour les \u00e9difices anciens:<\/p>\n<ul style=\"text-align: justify;\">\n<li>les vestiges de la tour et du <a href=\"https:\/\/patrimoinesdemartigny.ch\/wordpress\/wp-content\/uploads\/2019\/04\/Ch%C3%89teauBatiaz-768x1024.jpg\" data-rel=\"lightbox-image-0\" data-rl_title=\"\" data-rl_caption=\"\" title=\"\">ch\u00e2teau de Martigny<\/a>, dit de la B\u00e2tiaz<\/li>\n<li>la Place Centrale (<a href=\"https:\/\/patrimoinesdemartigny.ch\/wordpress\/wp-content\/uploads\/2014\/02\/Pat-architectural_Lancienne-Place-centrale-de-Martigny-1024x768.jpg\" data-rel=\"lightbox-image-1\" data-rl_title=\"\" data-rl_caption=\"\" title=\"\">ancienne<\/a> et actuelle)<\/li>\n<li><a href=\"http:\/\/localhost:8888\/wordpress\/wp-content\/uploads\/2014\/02\/Pat-architectural_Le-Manoir-et-son-parc.jpg\" data-rel=\"lightbox-image-2\" data-rl_title=\"\" data-rl_caption=\"\" title=\"\">l<\/a><a href=\"https:\/\/patrimoinesdemartigny.ch\/wordpress\/wp-content\/uploads\/2014\/02\/Pat-architectural_Le-Manoir-et-son-parc-1024x768.jpg\" data-rel=\"lightbox-image-3\" data-rl_title=\"\" data-rl_caption=\"\" title=\"\">e Manoir <\/a>(ancienne maison Ganioz)<\/li>\n<li>les ensembles de la rue du Bourg, du Coin de la Ville ou de la B\u00e2tiaz<\/li>\n<li>l\u2019amphith\u00e9\u00e2tre romain (photo)<\/li>\n<li>le pont de la B\u00e2tiaz<\/li>\n<li>l\u2019\u00e9glise paroissiale de Martigny et son clocher (photo)<\/li>\n<li><a href=\"https:\/\/patrimoinesdemartigny.ch\/wordpress\/wp-content\/uploads\/2014\/02\/Pat-architectural_La-maison-Yergen-2.jpg\" data-rel=\"lightbox-image-4\" data-rl_title=\"\" data-rl_caption=\"\" title=\"\">la maison de la Visitation (anciennement la maison Yergen),<\/a> sur le parvis de l\u2019\u00e9glise paroissiale (photo)<\/li>\n<li>la maison Supersaxo<\/li>\n<li><a href=\"https:\/\/patrimoinesdemartigny.ch\/wordpress\/wp-content\/uploads\/2014\/02\/Pat-architectural_Restaurant-des-Trois-Couronnes-768x1024.jpg\" data-rel=\"lightbox-image-5\" data-rl_title=\"\" data-rl_caption=\"\" title=\"\">l\u2019h\u00f4tel des 3 Couronnes<\/a> et la place de Martigny-Bourg (photo)<\/li>\n<li>le moulin Semblanet<\/li>\n<li>la maison Luy<\/li>\n<li>les anciens h\u00f4tels ant\u00e9rieurs \u00e0 1900<\/li>\n<\/ul>\n<p style=\"text-align: justify;\">Signalons que la Fondation Pro Octoduro veille, quant \u00e0 elle, \u00e0 la protection et \u00e0 la mise en valeur du site arch\u00e9ologique de Forum Claudii Vallensium et \u00e0 la conservation des trouvailles gallo-romaines de Martigny.<\/p>\n<p style=\"text-align: justify;\">Pour les \u00e9difices plus r\u00e9cents:<\/p>\n<ul style=\"text-align: justify;\">\n<li>l\u2019\u00e9glise Saint-Michel \u00e0 Martigny-Bourg<\/li>\n<li>la premi\u00e8re halle du CERM (photo)<\/li>\n<li>la station de compostage avec sa d\u00e9funte \u00e9olienne transf\u00e9r\u00e9e \u00e0 la rue d\u2019Ottan<\/li>\n<\/ul>\n<p style=\"text-align: justify;\">\n","protected":false},"excerpt":{"rendered":"<p>Le patrimoine architectural concerne le patrimoine immobilier construit, publique ou priv\u00e9, de valeur architecturale notoire. Les aspects d\u2019anciennet\u00e9 ne sont pas les seuls crit\u00e8res. Le param\u00e8tre qualitatif est pris en compte de mani\u00e8re primordiale. Il peut s\u2019agir d\u2019un \u00e9difice ou d\u2019un groupe d\u2019\u00e9difices, ou encore de l\u2019ensemble des \u00e9difices constituant une place, une rue, etc&#8230;&#8230;<\/p>\n","protected":false},"author":1,"featured_media":0,"parent":357,"menu_order":0,"comment_status":"closed","ping_status":"closed","template":"","meta":{"_seopress_robots_primary_cat":"","_seopress_titles_title":"","_seopress_titles_desc":"","_seopress_robots_index":"","footnotes":""},"class_list":["post-404","page","type-page","status-publish","hentry"],"jetpack_sharing_enabled":true,"_links":{"self":[{"href":"https:\/\/patrimoinesdemartigny.ch\/wordpress\/wp-json\/wp\/v2\/pages\/404","targetHints":{"allow":["GET"]}}],"collection":[{"href":"https:\/\/patrimoinesdemartigny.ch\/wordpress\/wp-json\/wp\/v2\/pages"}],"about":[{"href":"https:\/\/patrimoinesdemartigny.ch\/wordpress\/wp-json\/wp\/v2\/types\/page"}],"author":[{"embeddable":true,"href":"https:\/\/patrimoinesdemartigny.ch\/wordpress\/wp-json\/wp\/v2\/users\/1"}],"replies":[{"embeddable":true,"href":"https:\/\/patrimoinesdemartigny.ch\/wordpress\/wp-json\/wp\/v2\/comments?post=404"}],"version-history":[{"count":13,"href":"https:\/\/patrimoinesdemartigny.ch\/wordpress\/wp-json\/wp\/v2\/pages\/404\/revisions"}],"predecessor-version":[{"id":1403,"href":"https:\/\/patrimoinesdemartigny.ch\/wordpress\/wp-json\/wp\/v2\/pages\/404\/revisions\/1403"}],"up":[{"embeddable":true,"href":"https:\/\/patrimoinesdemartigny.ch\/wordpress\/wp-json\/wp\/v2\/pages\/357"}],"wp:attachment":[{"href":"https:\/\/patrimoinesdemartigny.ch\/wordpress\/wp-json\/wp\/v2\/media?parent=404"}],"curies":[{"name":"wp","href":"https:\/\/api.w.org\/{rel}","templated":true}]}}