{"id":406,"date":"2014-02-16T18:25:00","date_gmt":"2014-02-16T17:25:00","guid":{"rendered":"http:\/\/localhost:8888\/wordpress\/?page_id=406"},"modified":"2020-10-01T19:52:21","modified_gmt":"2020-10-01T19:52:21","slug":"patrimoine-artistique","status":"publish","type":"page","link":"https:\/\/patrimoinesdemartigny.ch\/wordpress\/patrimoines\/patrimoine-artistique\/","title":{"rendered":"Patrimoine artistique"},"content":{"rendered":"<p style=\"text-align: justify;\"><em>Par patrimoine artistique, nous comprenons le patrimoine mobilier relevant des arts plastiques (peinture, sculpture, installations, etc\u2026). Il peut \u00eatre d\u2019ordre public comme en t\u00e9moignent les sculptures pr\u00e9sentes dans les jardins, places publiques, \u00e9coles et ronds-points de la ville, \u00e9manant de la collectivit\u00e9 publique (la commune), ou les tableaux et sculptures, propri\u00e9t\u00e9s et collections de l\u2019administration communale, dispos\u00e9s dans ses locaux. Le patrimoine artistique peut \u00e9galement \u00eatre d&rsquo;ordre priv\u00e9, comme la mosa\u00efque d\u2019Albert Chavaz sur la fa\u00e7ade du b\u00e2timent de la Banque cantonale du Valais qui rel\u00e8ve du domaine priv\u00e9, mais qui est expos\u00e9e \u00e0 l\u2019appr\u00e9ciation de tout un chacun.<\/em><\/p>\n<p style=\"text-align: justify;\"><strong>Quelques objets embl\u00e9matiques du patrimoine artistique martignerain<\/strong><\/p>\n<ul style=\"text-align: justify;\">\n<li>Les sculptures dans les jardins de la <a href=\"http:\/\/www.gianadda.ch\/\" target=\"_blank\" rel=\"noopener noreferrer\">Fondation Gianadda<\/a>, dont, parmi les plus importants sculpteurs, nous pouvons citer\u00a0: Arman, Antoine Bourdelle, Hans Arp, Constantin Brancusi, Alexandre Calder, C\u00e9sar, Marc Chagall, Max Ernst, Henri Laurens, Aristide Maillol, Marino Marini, Joan Miro, Henry Moore, Auguste Renoir, Auguste Rodin, Niki de St-Phalle, Bernar Venet, etc.<\/li>\n<li>Les sculptures qui ornent les giratoires de la <a href=\"http:\/\/www.martigny.ch\/\" target=\"_blank\" rel=\"noopener noreferrer\">ville de Martigny<\/a>, dont on peut citer non exhaustivement: \u00abComplainte du Vent\u00bb de Gillan White, \u00abSymphonie\u00bb de Josef Staub, \u00abTige\u00bb de Bernard Luginb\u00fchl, \u00ab<a href=\"https:\/\/patrimoinesdemartigny.ch\/wordpress\/wp-content\/uploads\/2014\/02\/02_FEV_RABOUD.jpg\" data-rel=\"lightbox-image-0\" data-rl_title=\"\" data-rl_caption=\"\" title=\"\">Le Grand couple<\/a>\u00bb d\u2019Andr\u00e9 Raboud, \u00ab3 femmes\u00bb de Rudolf Bl\u00e4tter.<\/li>\n<li>La verri\u00e8re monumentale du hall principal de l\u2019H\u00f4tel de Ville d\u2019Edmond Bille (1949) retra\u00e7ant l\u2019histoire de Martigny, ainsi que les peintures abstraites de Paul Messerli de la salle du Conseil municipal.<\/li>\n<li>Les \u0153uvres d\u2019artisanat de l\u2019\u00e9glise paroissiale de Martigny \u00ab\u00a0Notre-Dame des Champs\u00a0\u00bb (1687), dont on peut citer la chaire (1671), le baptist\u00e8re (1684) et la porte principale, beaux exemples d\u2019\u00e9b\u00e9nisterie ouvrag\u00e9e et d&rsquo;\u0153uvres d\u2019art; le tr\u00e8s beau Christ polychrome attribu\u00e9 \u00e0 ma\u00eetre Boular (1495 ?), les retables et l\u2019ensemble des tableaux des retables de Melchior Paul von Deschwanden et celui de la visitation de Th\u00e9ophile Robert (1938).<\/li>\n<li>Le buste \u00ab\u00a0Helvetia\u00a0\u00bb (1873), de Gustave Courbet, situ\u00e9 dans le petit jardin de l\u2019ancien H\u00f4pital, au d\u00e9part de l\u2019avenue du Gd-St-Bernard, offert \u00e0 la Municipalit\u00e9, lors de l&rsquo;exil du sculpteur en Suisse apr\u00e8s l\u2019insurrection de \u00ab\u00a0La Commune\u00a0\u00bb.<\/li>\n<\/ul>\n<p style=\"text-align: justify;\">\n","protected":false},"excerpt":{"rendered":"<p>Par patrimoine artistique, nous comprenons le patrimoine mobilier relevant des arts plastiques (peinture, sculpture, installations, etc\u2026). Il peut \u00eatre d\u2019ordre public comme en t\u00e9moignent les sculptures pr\u00e9sentes dans les jardins, places publiques, \u00e9coles et ronds-points de la ville, \u00e9manant de la collectivit\u00e9 publique (la commune), ou les tableaux et sculptures, propri\u00e9t\u00e9s et collections de l\u2019administration&#8230;<\/p>\n","protected":false},"author":1,"featured_media":0,"parent":357,"menu_order":0,"comment_status":"closed","ping_status":"closed","template":"","meta":{"_seopress_robots_primary_cat":"","_seopress_titles_title":"","_seopress_titles_desc":"","_seopress_robots_index":"","_seopress_analysis_target_kw":"","footnotes":""},"class_list":["post-406","page","type-page","status-publish","hentry"],"jetpack_sharing_enabled":true,"_links":{"self":[{"href":"https:\/\/patrimoinesdemartigny.ch\/wordpress\/wp-json\/wp\/v2\/pages\/406","targetHints":{"allow":["GET"]}}],"collection":[{"href":"https:\/\/patrimoinesdemartigny.ch\/wordpress\/wp-json\/wp\/v2\/pages"}],"about":[{"href":"https:\/\/patrimoinesdemartigny.ch\/wordpress\/wp-json\/wp\/v2\/types\/page"}],"author":[{"embeddable":true,"href":"https:\/\/patrimoinesdemartigny.ch\/wordpress\/wp-json\/wp\/v2\/users\/1"}],"replies":[{"embeddable":true,"href":"https:\/\/patrimoinesdemartigny.ch\/wordpress\/wp-json\/wp\/v2\/comments?post=406"}],"version-history":[{"count":2,"href":"https:\/\/patrimoinesdemartigny.ch\/wordpress\/wp-json\/wp\/v2\/pages\/406\/revisions"}],"predecessor-version":[{"id":1313,"href":"https:\/\/patrimoinesdemartigny.ch\/wordpress\/wp-json\/wp\/v2\/pages\/406\/revisions\/1313"}],"up":[{"embeddable":true,"href":"https:\/\/patrimoinesdemartigny.ch\/wordpress\/wp-json\/wp\/v2\/pages\/357"}],"wp:attachment":[{"href":"https:\/\/patrimoinesdemartigny.ch\/wordpress\/wp-json\/wp\/v2\/media?parent=406"}],"curies":[{"name":"wp","href":"https:\/\/api.w.org\/{rel}","templated":true}]}}