{"id":408,"date":"2014-02-16T18:25:13","date_gmt":"2014-02-16T17:25:13","guid":{"rendered":"http:\/\/localhost:8888\/wordpress\/?page_id=408"},"modified":"2020-10-01T19:53:18","modified_gmt":"2020-10-01T19:53:18","slug":"patrimoine-historique","status":"publish","type":"page","link":"https:\/\/patrimoinesdemartigny.ch\/wordpress\/patrimoines\/patrimoine-historique\/","title":{"rendered":"Patrimoine historique"},"content":{"rendered":"<p style=\"text-align: justify;\"><em>Martigny rec\u00e8le de multiples traces mat\u00e9rielles qui permettent de restituer un aspect ou l\u2019autre de son histoire\u00a0: des \u00e9difices bien s\u00fbr, car ils sont les t\u00e9moins les plus visibles du pass\u00e9 de la cit\u00e9, mais aussi des fonds d\u2019archives, des photographies anciennes, des banni\u00e8res, etc. Ces documents constituent un patrimoine cach\u00e9 dont le public n&rsquo;a g\u00e9n\u00e9ralement gu\u00e8re conscience.<\/em><\/p>\n<p style=\"text-align: justify;\">Les archives de la commune de Martigny ont fait l\u2019objet d\u2019une attention particuli\u00e8res ces derni\u00e8res ann\u00e9es car elles comptent parmi les plus int\u00e9ressantes du Valais\u00a0: elles s\u2019\u00e9tendent en effet de 1300 environ jusqu\u2019\u00e0 nos jours. Il s&rsquo;agit de sept si\u00e8cles d&rsquo;histoire! Depuis 2008, elles ont \u00e9t\u00e9 r\u00e9organis\u00e9es sous l\u2019\u00e9gide de l\u2019Association des Archives de la Commune de Martigny cr\u00e9\u00e9e \u00e0 la suite de plusieurs demandes de Patrimoines de Martigny. Dans un <a href=\"https:\/\/patrimoinesdemartigny.ch\/wordpress\/wp-content\/uploads\/2014\/02\/Pat-historique_Archives-commune-de-Martigny.jpg\" data-rel=\"lightbox-image-0\" data-rl_title=\"\" data-rl_caption=\"\" title=\"\">local sp\u00e9cifique<\/a>, le b\u00e2timent Memoria Nostra \u00e0 la rue des \u00e9coles 3, les chercheurs ont acc\u00e8s \u00e0 ce patrimoine fragile et pr\u00e9cieux (consultation sur rendez-vous\u00a0; 027\/721 22 40 ou archives@villedemartigny.ch). Les inventaires des diff\u00e9rents fonds d\u2019archives peuvent \u00eatre consult\u00e9s sur internet, via la base de donn\u00e9es <a href=\"http:\/\/scopequery.vs.ch\" target=\"_blank\" rel=\"noopener noreferrer\">scopeArchiv.<\/a><\/p>\n<p style=\"text-align: justify;\">Dans le cadre de ce r\u00e9am\u00e9nagement, une <a href=\"https:\/\/patrimoinesdemartigny.ch\/wordpress\/wp-content\/uploads\/2014\/02\/Pat-historique_Bannia\u0308re.jpg\" data-rel=\"lightbox-image-1\" data-rl_title=\"\" data-rl_caption=\"\" title=\"\">banni\u00e8re m\u00e9di\u00e9vale<\/a> de qualit\u00e9 exceptionnelle a \u00e9galement pu \u00eatre retrouv\u00e9e en 2010 et restaur\u00e9e.<\/p>\n<p style=\"text-align: justify;\">En parall\u00e8le aux fonds d\u2019archives conserv\u00e9s aux archives de la commune de Martigny, d&rsquo;autres fonds d&rsquo;archives importants existent, diss\u00e9min\u00e9s dans une multitude de sites publics et priv\u00e9s.<\/p>\n<p style=\"text-align: justify;\"><strong>Quelques fonds d&rsquo;archives embl\u00e9matiques du patrimoine historique martignerain<\/strong><\/p>\n<p style=\"text-align: justify;\">Aux archives de la commune de Martigny<\/p>\n<ul style=\"text-align: justify;\">\n<li>Fonds Martigny-Mixte (grande commune de Martigny)\u00a0: XIVe s.-1935<\/li>\n<li>Fonds Martigny-B\u00e2tiaz (ancienne commune): 1317-1971<\/li>\n<li>Fonds Martigny-Bourg (ancienne commune): 1392-1980<\/li>\n<li>Fonds Martigny-Ville (ancienne commune): XIVe s-1979<\/li>\n<li>Fonds Conseil Mixte de Martigny: 1835-1991<\/li>\n<li>Fonds de la Fondation Abb\u00e9 Antoine Torrione\u00a0: 1317-1987<\/li>\n<li>Fonds Vairoli-Aubert: 1753-1981<\/li>\n<li>Fonds de la Bourgeoisie de Martigny: estampes, gravures et dessins: XVIe s-1979<\/li>\n<li>Fonds de la Bourgeoisie de Martigny: archives administratives (1960-2000 environ)<\/li>\n<\/ul>\n<p style=\"text-align: justify;\">Autres lieux\u00a0:<\/p>\n<ul style=\"text-align: justify;\">\n<li>les archives du Grand-Saint-Bernard, \u00e0 l&rsquo;hospice du Grand-Saint-Bernard et \u00e0 la Maison du Grand-Saint-Bernard \u00e0 Martigny<\/li>\n<li>les archives paroissiales de Martigny et des environs<\/li>\n<li>les archives de la Confr\u00e9rie du Vieux-Martigny<\/li>\n<li>les archives priv\u00e9es de Martignerains<\/li>\n<li>les archives de l\u2019Etat du Valais, \u00e0 Sion<\/li>\n<li>les archives de l&rsquo;Ev\u00each\u00e9 de Sion<\/li>\n<li>les archives du V\u00e9n\u00e9rable Chapitre de Sion<\/li>\n<li>les archives de l&rsquo;Abbaye de Saint-Maurice<\/li>\n<li>les archives Stockalper \u00e0 Brigue<\/li>\n<li>la M\u00e9diath\u00e8que-Valais \u00e0 Martigny<\/li>\n<li>les archives de l&rsquo;Archivio di Stato \u00e0 Turin<\/li>\n<\/ul>\n","protected":false},"excerpt":{"rendered":"<p>Martigny rec\u00e8le de multiples traces mat\u00e9rielles qui permettent de restituer un aspect ou l\u2019autre de son histoire\u00a0: des \u00e9difices bien s\u00fbr, car ils sont les t\u00e9moins les plus visibles du pass\u00e9 de la cit\u00e9, mais aussi des fonds d\u2019archives, des photographies anciennes, des banni\u00e8res, etc. Ces documents constituent un patrimoine cach\u00e9 dont le public n&rsquo;a&#8230;<\/p>\n","protected":false},"author":1,"featured_media":0,"parent":357,"menu_order":0,"comment_status":"closed","ping_status":"closed","template":"","meta":{"_seopress_robots_primary_cat":"","_seopress_titles_title":"","_seopress_titles_desc":"","_seopress_robots_index":"","_seopress_analysis_target_kw":"","footnotes":""},"class_list":["post-408","page","type-page","status-publish","hentry"],"jetpack_sharing_enabled":true,"_links":{"self":[{"href":"https:\/\/patrimoinesdemartigny.ch\/wordpress\/wp-json\/wp\/v2\/pages\/408","targetHints":{"allow":["GET"]}}],"collection":[{"href":"https:\/\/patrimoinesdemartigny.ch\/wordpress\/wp-json\/wp\/v2\/pages"}],"about":[{"href":"https:\/\/patrimoinesdemartigny.ch\/wordpress\/wp-json\/wp\/v2\/types\/page"}],"author":[{"embeddable":true,"href":"https:\/\/patrimoinesdemartigny.ch\/wordpress\/wp-json\/wp\/v2\/users\/1"}],"replies":[{"embeddable":true,"href":"https:\/\/patrimoinesdemartigny.ch\/wordpress\/wp-json\/wp\/v2\/comments?post=408"}],"version-history":[{"count":3,"href":"https:\/\/patrimoinesdemartigny.ch\/wordpress\/wp-json\/wp\/v2\/pages\/408\/revisions"}],"predecessor-version":[{"id":1314,"href":"https:\/\/patrimoinesdemartigny.ch\/wordpress\/wp-json\/wp\/v2\/pages\/408\/revisions\/1314"}],"up":[{"embeddable":true,"href":"https:\/\/patrimoinesdemartigny.ch\/wordpress\/wp-json\/wp\/v2\/pages\/357"}],"wp:attachment":[{"href":"https:\/\/patrimoinesdemartigny.ch\/wordpress\/wp-json\/wp\/v2\/media?parent=408"}],"curies":[{"name":"wp","href":"https:\/\/api.w.org\/{rel}","templated":true}]}}