{"id":523,"date":"2014-02-17T01:04:28","date_gmt":"2014-02-17T00:04:28","guid":{"rendered":"http:\/\/localhost:8888\/wordpress\/?page_id=523"},"modified":"2026-03-11T14:05:09","modified_gmt":"2026-03-11T13:05:09","slug":"adherer-a-lassociation","status":"publish","type":"page","link":"https:\/\/patrimoinesdemartigny.ch\/wordpress\/association\/adherer-a-lassociation\/","title":{"rendered":"Adh\u00e9rer \u00e0 l&rsquo;association"},"content":{"rendered":"<p>Cotisation\u00a0annuelle\u00a0: CHF 40.&#8211;<br \/>Cotisation \u00e0 vie\u00a0: CHF 800.&#8211;<\/p>\n<p><strong>E-mail<\/strong> contact[at]partimoinesdemartigny.ch<\/p>\n<p><strong>Adresse postale<\/strong> Patrimoines de Martigny, case postale 1022, 1920 Martigny<\/p>\n<p><strong>CCP<\/strong> 19-11124-6<\/p>\n<p><strong>Site Internet<\/strong> <a href=\"http:\/\/www.patrimoinesdemartigny.ch\" target=\"_blank\" rel=\"noopener noreferrer\">www.patrimoinesdemartigny.ch<\/a><\/p>\n<p><strong data-rich-text-format-boundary=\"true\">&gt; Adh\u00e9rer par poste<\/strong><br data-rich-text-line-break=\"true\" \/>\u00a0 \u00a0Imprimer le formulaire suivant et le remplir : <a href=\"http:\/\/patrimoinesdemartigny.ch\/wordpress\/wp-content\/uploads\/2019\/06\/formulaire-adhesion.pdf\" target=\"_blank\" rel=\"noreferrer noopener\" aria-label=\"Formulaire (s\u2019ouvre dans un nouvel onglet)\">Formulaire<\/a><\/p>\n<p><strong>&gt; Adh\u00e9rer en ligne<br \/><\/strong>\u00a0 \u00a0Remplir le formulaire et cliquer sur envoyer<\/p>\n\n<style id=\"wpforms-css-vars-1537-block-d16e5ff3-08d5-445f-8b45-4b7ae993d4b5\">\n\t\t\t\t#wpforms-1537.wpforms-block-d16e5ff3-08d5-445f-8b45-4b7ae993d4b5 {\n\t\t\t\t--wpforms-field-size-input-height: 43px;\n--wpforms-field-size-input-spacing: 15px;\n--wpforms-field-size-font-size: 16px;\n--wpforms-field-size-line-height: 19px;\n--wpforms-field-size-padding-h: 14px;\n--wpforms-field-size-checkbox-size: 16px;\n--wpforms-field-size-sublabel-spacing: 5px;\n--wpforms-field-size-icon-size: 1;\n--wpforms-label-size-font-size: 16px;\n--wpforms-label-size-line-height: 19px;\n--wpforms-label-size-sublabel-font-size: 14px;\n--wpforms-label-size-sublabel-line-height: 17px;\n--wpforms-button-size-font-size: 17px;\n--wpforms-button-size-height: 41px;\n--wpforms-button-size-padding-h: 15px;\n--wpforms-button-size-margin-top: 10px;\n\t\t\t}\n\t\t\t<\/style><div class=\"wpforms-container wpforms-container-full wpforms-block wpforms-block-d16e5ff3-08d5-445f-8b45-4b7ae993d4b5 wpforms-render-modern\" id=\"wpforms-1537\"><form id=\"wpforms-form-1537\" class=\"wpforms-validate wpforms-form wpforms-ajax-form\" data-formid=\"1537\" method=\"post\" enctype=\"multipart\/form-data\" action=\"\/wordpress\/wp-json\/wp\/v2\/pages\/523\" data-token=\"5b69b992f73aa9b581c5f79a7c48cd6d\" data-token-time=\"1776404810\"><noscript class=\"wpforms-error-noscript\">Veuillez activer JavaScript dans votre navigateur pour remplir ce formulaire.<\/noscript><div id=\"wpforms-error-noscript\" style=\"display: none;\">Veuillez activer JavaScript dans votre navigateur pour remplir ce formulaire.<\/div><div class=\"wpforms-field-container\">\t\t<div id=\"wpforms-1537-field_6-container\"\n\t\t\tclass=\"wpforms-field wpforms-field-text\"\n\t\t\tdata-field-type=\"text\"\n\t\t\tdata-field-id=\"6\"\n\t\t\t>\n\t\t\t<label class=\"wpforms-field-label\" for=\"wpforms-1537-field_6\" >compl\u00e8te Confirmation Nom<\/label>\n\t\t\t<input type=\"text\" id=\"wpforms-1537-field_6\" class=\"wpforms-field-medium\" name=\"wpforms[fields][6]\" >\n\t\t<\/div>\n\t\t<div id=\"wpforms-1537-field_1-container\" class=\"wpforms-field wpforms-field-name\" data-field-id=\"1\"><fieldset><legend class=\"wpforms-field-label\">Nom et pr\u00e9nom <span class=\"wpforms-required-label\" aria-hidden=\"true\">*<\/span><\/legend><div class=\"wpforms-field-row wpforms-field-medium\"><div class=\"wpforms-field-row-block wpforms-first wpforms-one-half\"><input type=\"text\" id=\"wpforms-1537-field_1\" class=\"wpforms-field-name-first wpforms-field-required\" name=\"wpforms[fields][1][first]\" aria-errormessage=\"wpforms-1537-field_1-error\" required><label for=\"wpforms-1537-field_1\" class=\"wpforms-field-sublabel after\">Pr\u00e9nom<\/label><\/div><div class=\"wpforms-field-row-block wpforms-one-half\"><input type=\"text\" id=\"wpforms-1537-field_1-last\" class=\"wpforms-field-name-last wpforms-field-required\" name=\"wpforms[fields][1][last]\" aria-errormessage=\"wpforms-1537-field_1-last-error\" required><label for=\"wpforms-1537-field_1-last\" class=\"wpforms-field-sublabel after\">Nom<\/label><\/div><\/div><\/fieldset><\/div><div id=\"wpforms-1537-field_8-container\" class=\"wpforms-field wpforms-field-textarea wpforms-two-fourths wpforms-first\" data-field-id=\"8\"><label class=\"wpforms-field-label\" for=\"wpforms-1537-field_8\">Adresse postale compl\u00e8te<\/label><textarea id=\"wpforms-1537-field_8\" class=\"wpforms-field-medium\" name=\"wpforms[fields][8]\" aria-errormessage=\"wpforms-1537-field_8-error\" ><\/textarea><\/div><div id=\"wpforms-1537-field_4-container\" class=\"wpforms-field wpforms-field-text\" data-field-id=\"4\"><label class=\"wpforms-field-label\" for=\"wpforms-1537-field_4\">Num\u00e9ro de t\u00e9l\u00e9phone <span class=\"wpforms-required-label\" aria-hidden=\"true\">*<\/span><\/label><input type=\"text\" id=\"wpforms-1537-field_4\" class=\"wpforms-field-medium wpforms-field-required\" name=\"wpforms[fields][4]\" aria-errormessage=\"wpforms-1537-field_4-error\" required><\/div><div id=\"wpforms-1537-field_2-container\" class=\"wpforms-field wpforms-field-email\" data-field-id=\"2\"><label class=\"wpforms-field-label\" for=\"wpforms-1537-field_2\">E-mail <span class=\"wpforms-required-label\" aria-hidden=\"true\">*<\/span><\/label><input type=\"email\" id=\"wpforms-1537-field_2\" class=\"wpforms-field-medium wpforms-field-required\" name=\"wpforms[fields][2]\" spellcheck=\"false\" aria-errormessage=\"wpforms-1537-field_2-error\" required><\/div><div id=\"wpforms-1537-field_3-container\" class=\"wpforms-field wpforms-field-textarea\" data-field-id=\"3\"><label class=\"wpforms-field-label\" for=\"wpforms-1537-field_3\">Message<\/label><textarea id=\"wpforms-1537-field_3\" class=\"wpforms-field-medium\" name=\"wpforms[fields][3]\" aria-errormessage=\"wpforms-1537-field_3-error\" ><\/textarea><\/div><div id=\"wpforms-1537-field_5-container\" class=\"wpforms-field wpforms-field-checkbox\" data-field-id=\"5\"><fieldset><legend class=\"wpforms-field-label\">Confirmation <span class=\"wpforms-required-label\" aria-hidden=\"true\">*<\/span><\/legend><ul id=\"wpforms-1537-field_5\" class=\"wpforms-field-required\"><li class=\"choice-1 depth-1\"><input type=\"checkbox\" id=\"wpforms-1537-field_5_1\" name=\"wpforms[fields][5][]\" value=\"Je souhaite adh\u00e9rer \u00e0 l&#039;association\" aria-errormessage=\"wpforms-1537-field_5_1-error\" required ><label class=\"wpforms-field-label-inline\" for=\"wpforms-1537-field_5_1\">Je souhaite adh\u00e9rer \u00e0 l&rsquo;association<\/label><\/li><\/ul><\/fieldset><\/div><script>\n\t\t\t\t( function() {\n\t\t\t\t\tconst style = document.createElement( 'style' );\n\t\t\t\t\tstyle.appendChild( document.createTextNode( '#wpforms-1537-field_6-container { position: absolute !important; overflow: hidden !important; display: inline !important; height: 1px !important; width: 1px !important; z-index: -1000 !important; padding: 0 !important; } #wpforms-1537-field_6-container input { visibility: hidden; } #wpforms-conversational-form-page #wpforms-1537-field_6-container label { counter-increment: none; }' ) );\n\t\t\t\t\tdocument.head.appendChild( style );\n\t\t\t\t\tdocument.currentScript?.remove();\n\t\t\t\t} )();\n\t\t\t<\/script><\/div><!-- .wpforms-field-container --><div class=\"wpforms-submit-container\" ><input type=\"hidden\" name=\"wpforms[id]\" value=\"1537\"><input type=\"hidden\" name=\"page_title\" value=\"\"><input type=\"hidden\" name=\"page_url\" value=\"https:\/\/patrimoinesdemartigny.ch\/wordpress\/wp-json\/wp\/v2\/pages\/523\"><input type=\"hidden\" name=\"url_referer\" value=\"\"><button type=\"submit\" name=\"wpforms[submit]\" id=\"wpforms-submit-1537\" class=\"wpforms-submit\" data-alt-text=\"Envoi...\" data-submit-text=\"Envoyer\" aria-live=\"assertive\" value=\"wpforms-submit\">Envoyer<\/button><img loading=\"lazy\" decoding=\"async\" src=\"https:\/\/patrimoinesdemartigny.ch\/wordpress\/wp-content\/plugins\/wpforms-lite\/assets\/images\/submit-spin.svg\" class=\"wpforms-submit-spinner\" style=\"display: none;\" width=\"26\" height=\"26\" alt=\"Chargement en cours\"><\/div><\/form><\/div>  <!-- .wpforms-container -->\n\n\n<p><\/p>\n","protected":false},"excerpt":{"rendered":"<p>Cotisation\u00a0annuelle\u00a0: CHF 40.&#8211;Cotisation \u00e0 vie\u00a0: CHF 800.&#8211; E-mail contact[at]partimoinesdemartigny.ch Adresse postale Patrimoines de Martigny, case postale 1022, 1920 Martigny CCP 19-11124-6 Site Internet www.patrimoinesdemartigny.ch &gt; Adh\u00e9rer par poste\u00a0 \u00a0Imprimer le formulaire suivant et le remplir : Formulaire &gt; Adh\u00e9rer en ligne\u00a0 \u00a0Remplir le formulaire et cliquer sur envoyer<\/p>\n","protected":false},"author":1,"featured_media":0,"parent":355,"menu_order":0,"comment_status":"closed","ping_status":"closed","template":"","meta":{"_seopress_robots_primary_cat":"","_seopress_titles_title":"","_seopress_titles_desc":"","_seopress_robots_index":"","footnotes":""},"class_list":["post-523","page","type-page","status-publish","hentry"],"jetpack_sharing_enabled":true,"_links":{"self":[{"href":"https:\/\/patrimoinesdemartigny.ch\/wordpress\/wp-json\/wp\/v2\/pages\/523","targetHints":{"allow":["GET"]}}],"collection":[{"href":"https:\/\/patrimoinesdemartigny.ch\/wordpress\/wp-json\/wp\/v2\/pages"}],"about":[{"href":"https:\/\/patrimoinesdemartigny.ch\/wordpress\/wp-json\/wp\/v2\/types\/page"}],"author":[{"embeddable":true,"href":"https:\/\/patrimoinesdemartigny.ch\/wordpress\/wp-json\/wp\/v2\/users\/1"}],"replies":[{"embeddable":true,"href":"https:\/\/patrimoinesdemartigny.ch\/wordpress\/wp-json\/wp\/v2\/comments?post=523"}],"version-history":[{"count":18,"href":"https:\/\/patrimoinesdemartigny.ch\/wordpress\/wp-json\/wp\/v2\/pages\/523\/revisions"}],"predecessor-version":[{"id":1542,"href":"https:\/\/patrimoinesdemartigny.ch\/wordpress\/wp-json\/wp\/v2\/pages\/523\/revisions\/1542"}],"up":[{"embeddable":true,"href":"https:\/\/patrimoinesdemartigny.ch\/wordpress\/wp-json\/wp\/v2\/pages\/355"}],"wp:attachment":[{"href":"https:\/\/patrimoinesdemartigny.ch\/wordpress\/wp-json\/wp\/v2\/media?parent=523"}],"curies":[{"name":"wp","href":"https:\/\/api.w.org\/{rel}","templated":true}]}}